{"id":7237,"date":"2025-11-14T08:51:11","date_gmt":"2025-11-14T13:51:11","guid":{"rendered":"http:\/\/vitrialumhll.com\/?page_id=7237"},"modified":"2025-12-07T00:47:03","modified_gmt":"2025-12-07T05:47:03","slug":"servicio-de-entrega","status":"publish","type":"page","link":"https:\/\/vitrialumhll.com\/index.php\/servicio-de-entrega\/","title":{"rendered":""},"content":{"rendered":"\n<div class=\"wp-block-cover alignfull is-light\"><img fetchpriority=\"high\" decoding=\"async\" width=\"768\" height=\"1024\" class=\"wp-block-cover__image-background wp-image-7216 size-large\" alt=\"\" src=\"http:\/\/vitrialumhll.com\/wp-content\/uploads\/2025\/11\/Imagen-de-WhatsApp-2025-11-04-a-las-22.25.06_a0089a95-768x1024.jpg\" data-object-fit=\"cover\" srcset=\"https:\/\/vitrialumhll.com\/wp-content\/uploads\/2025\/11\/Imagen-de-WhatsApp-2025-11-04-a-las-22.25.06_a0089a95-768x1024.jpg 768w, https:\/\/vitrialumhll.com\/wp-content\/uploads\/2025\/11\/Imagen-de-WhatsApp-2025-11-04-a-las-22.25.06_a0089a95-225x300.jpg 225w, https:\/\/vitrialumhll.com\/wp-content\/uploads\/2025\/11\/Imagen-de-WhatsApp-2025-11-04-a-las-22.25.06_a0089a95.jpg 960w\" sizes=\"(max-width: 768px) 100vw, 768px\" \/><span aria-hidden=\"true\" class=\"wp-block-cover__background has-background-dim\" style=\"background-color:#b4b4af\"><\/span><div class=\"wp-block-cover__inner-container has-global-padding is-layout-constrained wp-block-cover-is-layout-constrained\">\n<p class=\"has-text-align-center has-large-font-size\"><strong><mark style=\"background-color:rgba(0, 0, 0, 0)\" class=\"has-inline-color has-white-color\">Servicio de entrega<\/mark><\/strong><\/p>\n<\/div><\/div>\n\n\n\n<h2 class=\"wp-block-heading has-text-align-center\">Realizamos envio y entrega personalizada<\/h2>\n\n\n\n<hr class=\"wp-block-separator has-alpha-channel-opacity is-style-default\"\/>\n\n\n\n<p class=\"has-text-align-center\">Contrata nuestro servicio de entrega personalizada directamente al punto de tu negocio,<br>no importa si es dentro o fuera de la ciudad VITRIALUM te hace entrega de todo tu<br>producto.<br><\/p>\n\n\n\n<div class=\"wp-block-cover alignfull\"><span aria-hidden=\"true\" class=\"wp-block-cover__background has-secondary-background-color has-background-dim-100 has-background-dim\"><\/span><div class=\"wp-block-cover__inner-container has-global-padding is-layout-constrained wp-block-cover-is-layout-constrained\">\n<div class=\"wp-block-media-text is-stacked-on-mobile\" style=\"grid-template-columns:39% auto\"><figure class=\"wp-block-media-text__media\"><img decoding=\"async\" width=\"768\" height=\"1024\" src=\"http:\/\/vitrialumhll.com\/wp-content\/uploads\/2025\/11\/Imagen-de-WhatsApp-2025-11-15-a-las-13.34.05_0d50f4b2-768x1024.jpg\" alt=\"\" class=\"wp-image-7247 size-full\" srcset=\"https:\/\/vitrialumhll.com\/wp-content\/uploads\/2025\/11\/Imagen-de-WhatsApp-2025-11-15-a-las-13.34.05_0d50f4b2-768x1024.jpg 768w, https:\/\/vitrialumhll.com\/wp-content\/uploads\/2025\/11\/Imagen-de-WhatsApp-2025-11-15-a-las-13.34.05_0d50f4b2-225x300.jpg 225w, https:\/\/vitrialumhll.com\/wp-content\/uploads\/2025\/11\/Imagen-de-WhatsApp-2025-11-15-a-las-13.34.05_0d50f4b2.jpg 1200w\" sizes=\"(max-width: 768px) 100vw, 768px\" \/><\/figure><div class=\"wp-block-media-text__content\">\n<h2 class=\"wp-block-heading\">Dentro de la ciudad<\/h2>\n\n\n\n<p>Transportamos tu producto con la mayor seguridad y rapidez para que tengas tu producto lo mas antes posible, para que disfrutes de nuestro proceso y desarrollo de un sue\u00f1o por cumplir.<\/p>\n<\/div><\/div>\n<\/div><\/div>\n\n\n\n<div class=\"wp-block-cover alignwide is-light\"><span aria-hidden=\"true\" class=\"wp-block-cover__background has-white-background-color has-background-dim-100 has-background-dim\"><\/span><div class=\"wp-block-cover__inner-container has-global-padding is-layout-constrained wp-block-cover-is-layout-constrained\">\n<div class=\"wp-block-media-text has-media-on-the-right is-stacked-on-mobile\"><div class=\"wp-block-media-text__content\">\n<h2 class=\"wp-block-heading\">Fuera de la ciudad<\/h2>\n\n\n\n<p>No importa si tu negocio esta fuera de la ciudad VITRIALUM te entrega tu producto hasta la puerta de tu negocio recorriendo los kilometros que sean necesarios para realizar tu sue\u00f1os realidad. Pon la confianza en nosotros y dejanos ser participes de tu proceso<\/p>\n<\/div><figure class=\"wp-block-media-text__media\"><img decoding=\"async\" width=\"1024\" height=\"768\" src=\"https:\/\/vitrialumhll.com\/wp-content\/uploads\/2025\/11\/Imagen-de-WhatsApp-2025-11-04-a-las-22.23.28_e681b5c6-1024x768.jpg\" alt=\"\" class=\"wp-image-7215 size-full\" srcset=\"https:\/\/vitrialumhll.com\/wp-content\/uploads\/2025\/11\/Imagen-de-WhatsApp-2025-11-04-a-las-22.23.28_e681b5c6-1024x768.jpg 1024w, https:\/\/vitrialumhll.com\/wp-content\/uploads\/2025\/11\/Imagen-de-WhatsApp-2025-11-04-a-las-22.23.28_e681b5c6-300x225.jpg 300w, https:\/\/vitrialumhll.com\/wp-content\/uploads\/2025\/11\/Imagen-de-WhatsApp-2025-11-04-a-las-22.23.28_e681b5c6.jpg 1280w\" sizes=\"(max-width: 1024px) 100vw, 1024px\" \/><\/figure><\/div>\n<\/div><\/div>\n\n\n\n<div class=\"wp-block-cover alignfull has-parallax\" style=\"border-radius:0px\"><div class=\"wp-block-cover__image-background wp-image-6998 size-full has-parallax\" style=\"background-position:50% 50%;background-image:url(http:\/\/vitrialumhll.com\/wp-content\/uploads\/2025\/10\/imagen_2025-10-18_011500753.png)\"><\/div><span aria-hidden=\"true\" class=\"wp-block-cover__background has-black-background-color has-background-dim-40 has-background-dim\"><\/span><div class=\"wp-block-cover__inner-container is-layout-flow wp-block-cover-is-layout-flow\">\n<div class=\"wp-block-group has-global-padding is-layout-constrained wp-block-group-is-layout-constrained\">\n<h2 class=\"wp-block-heading has-text-align-center has-text-color has-medium-font-size\" style=\"color:#fffffa;text-transform:uppercase\"><strong>M\u00e1xima Personalizaci\u00f3n<\/strong><\/h2>\n\n\n\n<div style=\"height:32px\" aria-hidden=\"true\" class=\"wp-block-spacer\"><\/div>\n\n\n\n<p class=\"has-text-align-center has-white-color has-text-color\">No se adapta a estanter\u00edas est\u00e1ndar. Nosotros creamos la estanteria para usted. Elige medidas, dise\u00f1os, colores del aluminio y tipo de vidrio segun su<br>idea<\/p>\n\n\n\n<p class=\"has-text-align-center has-white-color has-text-color\"><\/p>\n\n\n\n<div style=\"height:31px\" aria-hidden=\"true\" class=\"wp-block-spacer\"><\/div>\n\n\n\n<div class=\"wp-block-buttons is-horizontal is-content-justification-center is-layout-flex wp-container-core-buttons-is-layout-03627597 wp-block-buttons-is-layout-flex\">\n<div class=\"wp-block-button\"><a class=\"wp-block-button__link has-white-color has-text-color wp-element-button\" href=\"#\" style=\"border-radius:0px;font-style:normal;font-weight:600\">CONTACTANOS<\/a><\/div>\n<\/div>\n<\/div>\n<\/div><\/div>\n\n\n\n<p><\/p>\n","protected":false},"excerpt":{"rendered":"<p>Realizamos envio y entrega personalizada Contrata nuestro servicio de entrega personalizada directamente al punto de tu negocio,no importa si es dentro o fuera de la ciudad VITRIALUM te hace entrega de todo tuproducto.<\/p>\n","protected":false},"author":1,"featured_media":0,"parent":0,"menu_order":0,"comment_status":"closed","ping_status":"closed","template":"","meta":{"footnotes":""},"class_list":["post-7237","page","type-page","status-publish","hentry"],"featured_media_urls":[],"_links":{"self":[{"href":"https:\/\/vitrialumhll.com\/index.php\/wp-json\/wp\/v2\/pages\/7237","targetHints":{"allow":["GET"]}}],"collection":[{"href":"https:\/\/vitrialumhll.com\/index.php\/wp-json\/wp\/v2\/pages"}],"about":[{"href":"https:\/\/vitrialumhll.com\/index.php\/wp-json\/wp\/v2\/types\/page"}],"author":[{"embeddable":true,"href":"https:\/\/vitrialumhll.com\/index.php\/wp-json\/wp\/v2\/users\/1"}],"replies":[{"embeddable":true,"href":"https:\/\/vitrialumhll.com\/index.php\/wp-json\/wp\/v2\/comments?post=7237"}],"version-history":[{"count":5,"href":"https:\/\/vitrialumhll.com\/index.php\/wp-json\/wp\/v2\/pages\/7237\/revisions"}],"predecessor-version":[{"id":7313,"href":"https:\/\/vitrialumhll.com\/index.php\/wp-json\/wp\/v2\/pages\/7237\/revisions\/7313"}],"wp:attachment":[{"href":"https:\/\/vitrialumhll.com\/index.php\/wp-json\/wp\/v2\/media?parent=7237"}],"curies":[{"name":"wp","href":"https:\/\/api.w.org\/{rel}","templated":true}]}}