{"id":7061,"date":"2025-10-26T21:10:55","date_gmt":"2025-10-27T02:10:55","guid":{"rendered":"http:\/\/vitrialumhll.com\/?page_id=7061"},"modified":"2025-11-14T08:22:12","modified_gmt":"2025-11-14T13:22:12","slug":"diseno-y-asesoramiento","status":"publish","type":"page","link":"https:\/\/vitrialumhll.com\/index.php\/diseno-y-asesoramiento\/","title":{"rendered":""},"content":{"rendered":"\n<div class=\"wp-block-cover alignfull is-light\" id=\"header\"><img fetchpriority=\"high\" decoding=\"async\" width=\"667\" height=\"1000\" class=\"wp-block-cover__image-background wp-image-6971 size-full\" alt=\"\" src=\"http:\/\/vitrialumhll.com\/wp-content\/uploads\/2025\/10\/2147893039.jpg\" data-object-fit=\"cover\" srcset=\"https:\/\/vitrialumhll.com\/wp-content\/uploads\/2025\/10\/2147893039.jpg 667w, https:\/\/vitrialumhll.com\/wp-content\/uploads\/2025\/10\/2147893039-200x300.jpg 200w\" sizes=\"(max-width: 667px) 100vw, 667px\" \/><span aria-hidden=\"true\" class=\"wp-block-cover__background has-background-dim\" style=\"background-color:#9a8a80\"><\/span><div class=\"wp-block-cover__inner-container has-global-padding is-layout-constrained wp-block-cover-is-layout-constrained\">\n<p class=\"has-text-align-left has-large-font-size\"><\/p>\n\n\n\n<h1 class=\"wp-block-heading\" style=\"color:white;\"><strong>DISE\u00d1O Y ASESORAMIENTO PERSONALIZADO<\/strong><\/h1>\n<\/div><\/div>\n\n\n\n<div class=\"wp-block-columns is-layout-flex wp-container-core-columns-is-layout-28f84493 wp-block-columns-is-layout-flex\">\n<div class=\"wp-block-column is-layout-flow wp-block-column-is-layout-flow\" style=\"flex-basis:100%\">\n<hr class=\"wp-block-separator has-alpha-channel-opacity is-style-default\"\/>\n<\/div>\n<\/div>\n\n\n\n<h2 class=\"wp-block-heading\"><em><strong>La Base de un Proyecto Perfecto<\/strong><\/em><\/h2>\n\n\n\n<p>En Vitrialum, su visi\u00f3n es nuestro punto de partida. Esta primera etapa es un di\u00e1logo creativo donde nos sumergimos en las necesidades espec\u00edficas de su negocio para transformarlas en una soluci\u00f3n tangible y funcional.<\/p>\n\n\n\n<div class=\"wp-block-columns is-layout-flex wp-container-core-columns-is-layout-28f84493 wp-block-columns-is-layout-flex\">\n<div class=\"wp-block-column is-layout-flow wp-block-column-is-layout-flow\">\n<div class=\"wp-block-cover is-light\"><img decoding=\"async\" width=\"1024\" height=\"630\" class=\"wp-block-cover__image-background wp-image-6998 size-large\" alt=\"\" src=\"http:\/\/vitrialumhll.com\/wp-content\/uploads\/2025\/10\/imagen_2025-10-18_011500753-1024x630.png\" data-object-fit=\"cover\" srcset=\"https:\/\/vitrialumhll.com\/wp-content\/uploads\/2025\/10\/imagen_2025-10-18_011500753-1024x630.png 1024w, https:\/\/vitrialumhll.com\/wp-content\/uploads\/2025\/10\/imagen_2025-10-18_011500753-300x185.png 300w, https:\/\/vitrialumhll.com\/wp-content\/uploads\/2025\/10\/imagen_2025-10-18_011500753.png 1499w\" sizes=\"(max-width: 1024px) 100vw, 1024px\" \/><span aria-hidden=\"true\" class=\"wp-block-cover__background has-background-dim\" style=\"background-color:#b1a39f\"><\/span><div class=\"wp-block-cover__inner-container has-global-padding is-layout-constrained wp-block-cover-is-layout-constrained\">\n<p class=\"has-text-align-center has-large-font-size\"><\/p>\n\n\n\n<div style=\"height:100px\" aria-hidden=\"true\" class=\"wp-block-spacer\"><\/div>\n\n\n\n<div style=\"height:100px\" aria-hidden=\"true\" class=\"wp-block-spacer\"><\/div>\n\n\n\n<h2 class=\"wp-block-heading\"><mark style=\"background-color:rgba(0, 0, 0, 0)\" class=\"has-inline-color has-background-color\">Variedad<\/mark><\/h2>\n<\/div><\/div>\n<\/div>\n\n\n\n<div class=\"wp-block-column is-layout-flow wp-block-column-is-layout-flow\">\n<div class=\"wp-block-cover is-light\"><img decoding=\"async\" width=\"1000\" height=\"667\" class=\"wp-block-cover__image-background wp-image-7065 size-full\" alt=\"\" src=\"http:\/\/vitrialumhll.com\/wp-content\/uploads\/2025\/10\/7616.jpg\" data-object-fit=\"cover\" srcset=\"https:\/\/vitrialumhll.com\/wp-content\/uploads\/2025\/10\/7616.jpg 1000w, https:\/\/vitrialumhll.com\/wp-content\/uploads\/2025\/10\/7616-300x200.jpg 300w, https:\/\/vitrialumhll.com\/wp-content\/uploads\/2025\/10\/7616-600x400.jpg 600w\" sizes=\"(max-width: 1000px) 100vw, 1000px\" \/><span aria-hidden=\"true\" class=\"wp-block-cover__background has-background-dim\" style=\"background-color:#978d89\"><\/span><div class=\"wp-block-cover__inner-container has-global-padding is-layout-constrained wp-block-cover-is-layout-constrained\">\n<p class=\"has-text-align-center has-large-font-size\"><\/p>\n\n\n\n<div style=\"height:100px\" aria-hidden=\"true\" class=\"wp-block-spacer\"><\/div>\n\n\n\n<div style=\"height:100px\" aria-hidden=\"true\" class=\"wp-block-spacer\"><\/div>\n\n\n\n<h2 class=\"wp-block-heading\"><mark style=\"background-color:rgba(0, 0, 0, 0)\" class=\"has-inline-color has-background-color\">Satisfacci\u00f3n<\/mark><\/h2>\n<\/div><\/div>\n<\/div>\n\n\n\n<div class=\"wp-block-column is-layout-flow wp-block-column-is-layout-flow\">\n<div class=\"wp-block-cover is-light\"><img loading=\"lazy\" decoding=\"async\" width=\"1000\" height=\"667\" class=\"wp-block-cover__image-background wp-image-7066 size-full\" alt=\"\" src=\"http:\/\/vitrialumhll.com\/wp-content\/uploads\/2025\/10\/2147892884.jpg\" data-object-fit=\"cover\" srcset=\"https:\/\/vitrialumhll.com\/wp-content\/uploads\/2025\/10\/2147892884.jpg 1000w, https:\/\/vitrialumhll.com\/wp-content\/uploads\/2025\/10\/2147892884-300x200.jpg 300w, https:\/\/vitrialumhll.com\/wp-content\/uploads\/2025\/10\/2147892884-600x400.jpg 600w\" sizes=\"(max-width: 1000px) 100vw, 1000px\" \/><span aria-hidden=\"true\" class=\"wp-block-cover__background has-background-dim\" style=\"background-color:#cdaf98\"><\/span><div class=\"wp-block-cover__inner-container has-global-padding is-layout-constrained wp-block-cover-is-layout-constrained\">\n<p class=\"has-text-align-center has-large-font-size\"><\/p>\n\n\n\n<div style=\"height:100px\" aria-hidden=\"true\" class=\"wp-block-spacer\"><\/div>\n\n\n\n<div style=\"height:100px\" aria-hidden=\"true\" class=\"wp-block-spacer\"><\/div>\n\n\n\n<h2 class=\"wp-block-heading\"><mark style=\"background-color:rgba(0, 0, 0, 0)\" class=\"has-inline-color has-background-color\">Elegancia<\/mark><\/h2>\n<\/div><\/div>\n<\/div>\n<\/div>\n\n\n\n<div style=\"height:37px\" aria-hidden=\"true\" class=\"wp-block-spacer\"><\/div>\n\n\n\n<h1 class=\"wp-block-heading\"><mark style=\"background-color:rgba(0, 0, 0, 0)\" class=\"has-inline-color has-secondary-color\">Proceso detallado de nuestro servicio<\/mark><\/h1>\n\n\n\n<div class=\"wp-block-cover alignfull\"><span aria-hidden=\"true\" class=\"wp-block-cover__background has-secondary-background-color has-background-dim-100 has-background-dim\"><\/span><div class=\"wp-block-cover__inner-container has-global-padding is-layout-constrained wp-block-cover-is-layout-constrained\">\n<h2 class=\"wp-block-heading\"><strong>Descubrimiento y Diagn\u00f3stico<\/strong><\/h2>\n\n\n\n<div class=\"wp-block-columns alignfull is-layout-flex wp-container-core-columns-is-layout-28f84493 wp-block-columns-is-layout-flex\">\n<div class=\"wp-block-column is-layout-flow wp-block-column-is-layout-flow\">\n<figure class=\"wp-block-image size-full is-resized\"><img loading=\"lazy\" decoding=\"async\" width=\"1000\" height=\"667\" src=\"http:\/\/vitrialumhll.com\/wp-content\/uploads\/2025\/10\/8307.jpg\" alt=\"\" class=\"wp-image-7068\" style=\"width:562px;height:auto\" srcset=\"https:\/\/vitrialumhll.com\/wp-content\/uploads\/2025\/10\/8307.jpg 1000w, https:\/\/vitrialumhll.com\/wp-content\/uploads\/2025\/10\/8307-300x200.jpg 300w, https:\/\/vitrialumhll.com\/wp-content\/uploads\/2025\/10\/8307-600x400.jpg 600w\" sizes=\"(max-width: 1000px) 100vw, 1000px\" \/><\/figure>\n\n\n\n<h2 class=\"wp-block-heading\"><strong>Reuni\u00f3n inmersiva<\/strong><\/h2>\n\n\n\n<p>Nos sentamos con usted (en su local o virtualmente) para comprender a fondo su negocio. Analizamos flujo de clientes, mercanc\u00eda a almacenar o exhibir, identidad de marca y cualquier desaf\u00edo espacial espec\u00edfico.<\/p>\n<\/div>\n\n\n\n<div class=\"wp-block-column is-layout-flow wp-block-column-is-layout-flow\">\n<figure class=\"wp-block-image size-full is-resized\"><img loading=\"lazy\" decoding=\"async\" width=\"1000\" height=\"667\" src=\"http:\/\/vitrialumhll.com\/wp-content\/uploads\/2025\/10\/2147652931.jpg\" alt=\"\" class=\"wp-image-7071\" style=\"width:562px;height:auto\" srcset=\"https:\/\/vitrialumhll.com\/wp-content\/uploads\/2025\/10\/2147652931.jpg 1000w, https:\/\/vitrialumhll.com\/wp-content\/uploads\/2025\/10\/2147652931-300x200.jpg 300w, https:\/\/vitrialumhll.com\/wp-content\/uploads\/2025\/10\/2147652931-600x400.jpg 600w\" sizes=\"(max-width: 1000px) 100vw, 1000px\" \/><\/figure>\n\n\n\n<h2 class=\"wp-block-heading\">Brief de Dise\u00f1o<\/h2>\n\n\n\n<p>Juntos, definimos los objetivos del proyecto: maximizar espacio, mejorar la experiencia del cliente, crear un punto focal visual o incrementar la eficiencia operativa.<\/p>\n<\/div>\n<\/div>\n\n\n\n<div style=\"height:48px\" aria-hidden=\"true\" class=\"wp-block-spacer\"><\/div>\n<\/div><\/div>\n\n\n\n<div class=\"wp-block-cover alignfull is-light\"><span aria-hidden=\"true\" class=\"wp-block-cover__background has-white-background-color has-background-dim-100 has-background-dim\"><\/span><div class=\"wp-block-cover__inner-container has-global-padding is-layout-constrained wp-block-cover-is-layout-constrained\">\n<h2 class=\"wp-block-heading\">Exploraci\u00f3n y Asesor\u00eda T\u00e9cnica<\/h2>\n\n\n\n<div class=\"wp-block-columns alignfull is-layout-flex wp-container-core-columns-is-layout-28f84493 wp-block-columns-is-layout-flex\">\n<div class=\"wp-block-column is-layout-flow wp-block-column-is-layout-flow\">\n<figure class=\"wp-block-image size-full is-resized\"><img loading=\"lazy\" decoding=\"async\" width=\"1000\" height=\"667\" src=\"http:\/\/vitrialumhll.com\/wp-content\/uploads\/2025\/10\/2149384824-1.jpg\" alt=\"\" class=\"wp-image-7091\" style=\"width:565px;height:auto\" srcset=\"https:\/\/vitrialumhll.com\/wp-content\/uploads\/2025\/10\/2149384824-1.jpg 1000w, https:\/\/vitrialumhll.com\/wp-content\/uploads\/2025\/10\/2149384824-1-300x200.jpg 300w, https:\/\/vitrialumhll.com\/wp-content\/uploads\/2025\/10\/2149384824-1-600x400.jpg 600w\" sizes=\"(max-width: 1000px) 100vw, 1000px\" \/><\/figure>\n\n\n\n<h2 class=\"wp-block-heading\"><strong>Gu\u00eda en Materiales<\/strong><\/h2>\n\n\n\n<p>Le educamos sobre las opciones. \u00bfVidrio transparente para una sensaci\u00f3n de amplitud? \u00bfVidrio fum\u00e9 para un toque de elegancia? \u00bfAluminio blanco para un estilo moderno o negro industrial? Explicamos ventajas, costos y mantenimiento.<\/p>\n<\/div>\n\n\n\n<div class=\"wp-block-column is-layout-flow wp-block-column-is-layout-flow\">\n<figure class=\"wp-block-image size-full\"><img loading=\"lazy\" decoding=\"async\" width=\"1000\" height=\"635\" src=\"http:\/\/vitrialumhll.com\/wp-content\/uploads\/2025\/10\/2148039902.jpg\" alt=\"\" class=\"wp-image-7092\" srcset=\"https:\/\/vitrialumhll.com\/wp-content\/uploads\/2025\/10\/2148039902.jpg 1000w, https:\/\/vitrialumhll.com\/wp-content\/uploads\/2025\/10\/2148039902-300x191.jpg 300w\" sizes=\"(max-width: 1000px) 100vw, 1000px\" \/><\/figure>\n\n\n\n<h2 class=\"wp-block-heading\"><strong>An\u00e1lisis de Espacio y Mediciones<\/strong><\/h2>\n\n\n\n<p>&nbsp;Nuestro equipo acude a su espacio con tecnolog\u00eda de medici\u00f3n l\u00e1ser para capturar dimensiones exactas. Esto es crucial para evitar sorpresas y garantizar un ajuste perfecto.<\/p>\n<\/div>\n<\/div>\n\n\n\n<div style=\"height:48px\" aria-hidden=\"true\" class=\"wp-block-spacer\"><\/div>\n<\/div><\/div>\n\n\n\n<div class=\"wp-block-cover alignfull is-light\"><span aria-hidden=\"true\" class=\"wp-block-cover__background has-lightgrey-background-color has-background-dim-100 has-background-dim\"><\/span><div class=\"wp-block-cover__inner-container has-global-padding is-layout-constrained wp-block-cover-is-layout-constrained\">\n<h2 class=\"wp-block-heading\"><strong><mark style=\"background-color:rgba(0, 0, 0, 0)\" class=\"has-inline-color has-secondary-color\">Visualizaci\u00f3n y Validaci\u00f3n<\/mark><\/strong><\/h2>\n\n\n\n<div class=\"wp-block-columns alignfull is-layout-flex wp-container-core-columns-is-layout-28f84493 wp-block-columns-is-layout-flex\">\n<div class=\"wp-block-column is-layout-flow wp-block-column-is-layout-flow\">\n<figure class=\"wp-block-image size-full\"><img loading=\"lazy\" decoding=\"async\" width=\"1000\" height=\"667\" src=\"http:\/\/vitrialumhll.com\/wp-content\/uploads\/2025\/10\/707.jpg\" alt=\"\" class=\"wp-image-7094\" srcset=\"https:\/\/vitrialumhll.com\/wp-content\/uploads\/2025\/10\/707.jpg 1000w, https:\/\/vitrialumhll.com\/wp-content\/uploads\/2025\/10\/707-300x200.jpg 300w, https:\/\/vitrialumhll.com\/wp-content\/uploads\/2025\/10\/707-600x400.jpg 600w\" sizes=\"(max-width: 1000px) 100vw, 1000px\" \/><\/figure>\n\n\n\n<h2 class=\"wp-block-heading\">Posibilidades A Su Necesidad<\/h2>\n\n\n\n<p>Le ense\u00f1amos distintos tipos de dise\u00f1o acorde a su necesidad y a su negocio para que asi podamos tener una idea clara de las miles de posiblidades que podemos tener.<\/p>\n<\/div>\n\n\n\n<div class=\"wp-block-column is-layout-flow wp-block-column-is-layout-flow\">\n<figure class=\"wp-block-image size-full\"><img loading=\"lazy\" decoding=\"async\" width=\"1000\" height=\"667\" src=\"http:\/\/vitrialumhll.com\/wp-content\/uploads\/2025\/10\/2149352655.jpg\" alt=\"\" class=\"wp-image-7095\" srcset=\"https:\/\/vitrialumhll.com\/wp-content\/uploads\/2025\/10\/2149352655.jpg 1000w, https:\/\/vitrialumhll.com\/wp-content\/uploads\/2025\/10\/2149352655-300x200.jpg 300w, https:\/\/vitrialumhll.com\/wp-content\/uploads\/2025\/10\/2149352655-600x400.jpg 600w\" sizes=\"(max-width: 1000px) 100vw, 1000px\" \/><\/figure>\n\n\n\n<h2 class=\"wp-block-heading\"><strong>Ajustes Colaborativos<\/strong><\/h2>\n\n\n\n<p>Le tenemos informados a los ajustes y procesos que vamos realizando sobre su proyecto para que usted tenga la seguridad de que todo sera acorde a lo solicitado.<\/p>\n<\/div>\n<\/div>\n\n\n\n<div style=\"height:48px\" aria-hidden=\"true\" class=\"wp-block-spacer\"><\/div>\n<\/div><\/div>\n\n\n\n<div style=\"height:121px\" aria-hidden=\"true\" class=\"wp-block-spacer\"><\/div>\n\n\n\n<div class=\"wp-block-cover alignfull is-light wp-duotone-unset-1\"><img decoding=\"async\" width=\"1024\" height=\"630\" class=\"wp-block-cover__image-background wp-image-6998 size-large\" alt=\"\" src=\"http:\/\/vitrialumhll.com\/wp-content\/uploads\/2025\/10\/imagen_2025-10-18_011500753-1024x630.png\" data-object-fit=\"cover\" srcset=\"https:\/\/vitrialumhll.com\/wp-content\/uploads\/2025\/10\/imagen_2025-10-18_011500753-1024x630.png 1024w, https:\/\/vitrialumhll.com\/wp-content\/uploads\/2025\/10\/imagen_2025-10-18_011500753-300x185.png 300w, https:\/\/vitrialumhll.com\/wp-content\/uploads\/2025\/10\/imagen_2025-10-18_011500753.png 1499w\" sizes=\"(max-width: 1024px) 100vw, 1024px\" \/><span aria-hidden=\"true\" class=\"wp-block-cover__background has-background-dim\" style=\"background-color:#b1a39f\"><\/span><div class=\"wp-block-cover__inner-container has-global-padding is-layout-constrained wp-block-cover-is-layout-constrained\">\n<p class=\"has-text-align-center has-large-font-size\"><mark style=\"background-color:rgba(0, 0, 0, 0)\" class=\"has-inline-color has-white-color\"><strong>CONTACTENOS PARA QUE HAGA REALIDAD SUS SUE\u00d1OS<\/strong><\/mark><\/p>\n\n\n\n<div class=\"wp-block-buttons is-content-justification-center is-layout-flex wp-container-core-buttons-is-layout-a89b3969 wp-block-buttons-is-layout-flex\">\n<div class=\"wp-block-button\"><a class=\"wp-block-button__link wp-element-button\" href=\"http:\/\/vitrialumhll.com\/index.php\/contact\/\"><mark style=\"background-color:rgba(0, 0, 0, 0)\" class=\"has-inline-color has-white-color\">CONTACTENOS<\/mark><\/a><\/div>\n<\/div>\n<\/div><\/div>\n\n\n\n<p><\/p>\n","protected":false},"excerpt":{"rendered":"<p>La Base de un Proyecto Perfecto En Vitrialum, su visi\u00f3n es nuestro punto de partida. Esta primera etapa es un di\u00e1logo creativo donde nos sumergimos en las necesidades espec\u00edficas de su negocio para transformarlas en una soluci\u00f3n tangible y funcional. Proceso detallado de nuestro servicio<\/p>\n","protected":false},"author":1,"featured_media":0,"parent":0,"menu_order":0,"comment_status":"closed","ping_status":"closed","template":"","meta":{"footnotes":""},"class_list":["post-7061","page","type-page","status-publish","hentry"],"featured_media_urls":[],"_links":{"self":[{"href":"https:\/\/vitrialumhll.com\/index.php\/wp-json\/wp\/v2\/pages\/7061","targetHints":{"allow":["GET"]}}],"collection":[{"href":"https:\/\/vitrialumhll.com\/index.php\/wp-json\/wp\/v2\/pages"}],"about":[{"href":"https:\/\/vitrialumhll.com\/index.php\/wp-json\/wp\/v2\/types\/page"}],"author":[{"embeddable":true,"href":"https:\/\/vitrialumhll.com\/index.php\/wp-json\/wp\/v2\/users\/1"}],"replies":[{"embeddable":true,"href":"https:\/\/vitrialumhll.com\/index.php\/wp-json\/wp\/v2\/comments?post=7061"}],"version-history":[{"count":26,"href":"https:\/\/vitrialumhll.com\/index.php\/wp-json\/wp\/v2\/pages\/7061\/revisions"}],"predecessor-version":[{"id":7233,"href":"https:\/\/vitrialumhll.com\/index.php\/wp-json\/wp\/v2\/pages\/7061\/revisions\/7233"}],"wp:attachment":[{"href":"https:\/\/vitrialumhll.com\/index.php\/wp-json\/wp\/v2\/media?parent=7061"}],"curies":[{"name":"wp","href":"https:\/\/api.w.org\/{rel}","templated":true}]}}