{"id":5592,"date":"2016-12-05T09:17:34","date_gmt":"2016-12-05T09:17:34","guid":{"rendered":"https:\/\/demo.wpzoom.com\/inspiro\/?page_id=5592"},"modified":"2025-12-07T13:40:20","modified_gmt":"2025-12-07T18:40:20","slug":"about","status":"publish","type":"page","link":"https:\/\/vitrialumhll.com\/index.php\/about\/","title":{"rendered":"Conocenos"},"content":{"rendered":"\n<div class=\"wp-block-group has-global-padding is-layout-constrained wp-container-core-group-is-layout-3a820303 wp-block-group-is-layout-constrained\" style=\"padding-right:var(--wp--preset--spacing--small);padding-left:var(--wp--preset--spacing--small)\">\n<div style=\"height:176px\" aria-hidden=\"true\" class=\"wp-block-spacer\"><\/div>\n\n\n\n<h2 class=\"wp-block-heading has-large-font-size\" id=\"inspiro-is-a-digital-product-agency-that-focuses-on-strategy-and-design\" style=\"font-style:normal;font-weight:100\"><strong><strong>M\u00e1s de una D\u00e9cada de Confianza, Artesan\u00eda y Servicio en el Coraz\u00f3n de Colombia<\/strong><\/strong>.<\/h2>\n\n\n\n<div style=\"height:0px\" aria-hidden=\"true\" class=\"wp-block-spacer\"><\/div>\n\n\n\n<p><strong>Los Pilares que Nos Gu\u00edan<\/strong><\/p>\n\n\n\n<div class=\"wp-block-columns is-layout-flex wp-container-core-columns-is-layout-28f84493 wp-block-columns-is-layout-flex\">\n<div class=\"wp-block-column is-layout-flow wp-block-column-is-layout-flow\">\n<figure class=\"wp-block-image size-full\"><img fetchpriority=\"high\" decoding=\"async\" width=\"1000\" height=\"667\" src=\"http:\/\/vitrialumhll.com\/wp-content\/uploads\/2025\/10\/19587.jpg\" alt=\"\" class=\"wp-image-7048\" srcset=\"https:\/\/vitrialumhll.com\/wp-content\/uploads\/2025\/10\/19587.jpg 1000w, https:\/\/vitrialumhll.com\/wp-content\/uploads\/2025\/10\/19587-300x200.jpg 300w\" sizes=\"(max-width: 1000px) 100vw, 1000px\" \/><\/figure>\n\n\n\n<h3 class=\"wp-block-heading has-black-color has-text-color has-medium-font-size\"><strong>Misi\u00f3n<\/strong><\/h3>\n\n\n\n<p class=\"has-text-color\" style=\"color:#7a7a7a\">Fabricar soluciones de estanter\u00eda y exhibici\u00f3n&nbsp;<strong>100% artesanales<\/strong>&nbsp;y&nbsp;<strong>a la medida<\/strong>, superando las expectativas de funcionalidad y dise\u00f1o de nuestros clientes. Nos comprometemos a ofrecer un servicio personalizado que haga de cada proyecto una experiencia satisfactoria y \u00fanica.<\/p>\n<\/div>\n\n\n\n<div class=\"wp-block-column is-layout-flow wp-block-column-is-layout-flow\">\n<figure class=\"wp-block-image size-full\"><img decoding=\"async\" width=\"1000\" height=\"667\" src=\"http:\/\/vitrialumhll.com\/wp-content\/uploads\/2025\/10\/47300.jpg\" alt=\"\" class=\"wp-image-7049\" srcset=\"https:\/\/vitrialumhll.com\/wp-content\/uploads\/2025\/10\/47300.jpg 1000w, https:\/\/vitrialumhll.com\/wp-content\/uploads\/2025\/10\/47300-300x200.jpg 300w, https:\/\/vitrialumhll.com\/wp-content\/uploads\/2025\/10\/47300-600x400.jpg 600w\" sizes=\"(max-width: 1000px) 100vw, 1000px\" \/><\/figure>\n\n\n\n<h3 class=\"wp-block-heading has-black-color has-text-color has-medium-font-size\"><strong>Visi\u00f3n<\/strong><\/h3>\n\n\n\n<p class=\"has-text-color\" style=\"color:#7a7a7a\">Ser la empresa l\u00edder y de referencia en Bogot\u00e1 y Colombia para negocios que buscan mobiliario comercial en aluminio y vidrio de&nbsp;<strong>calidad excepcional<\/strong>, reconocidos por nuestra durabilidad, nuestro trato humano y nuestro incuestionable compromiso con la excelencia.<\/p>\n<\/div>\n<\/div>\n\n\n\n<p><\/p>\n<\/div>\n\n\n\n<div class=\"wp-block-cover alignfull\" style=\"min-height:151px;aspect-ratio:unset;\"><span aria-hidden=\"true\" class=\"wp-block-cover__background has-primary-background-color has-background-dim-100 has-background-dim\"><\/span><div class=\"wp-block-cover__inner-container has-global-padding is-layout-constrained wp-block-cover-is-layout-constrained\">\n<p class=\"has-text-align-center has-large-font-size\"><strong>VALORES<\/strong><\/p>\n<\/div><\/div>\n\n\n\n<div class=\"wp-block-columns is-layout-flex wp-container-core-columns-is-layout-28f84493 wp-block-columns-is-layout-flex\">\n<div class=\"wp-block-column is-layout-flow wp-block-column-is-layout-flow\">\n<figure class=\"wp-block-image size-full\"><img decoding=\"async\" width=\"1000\" height=\"667\" src=\"http:\/\/vitrialumhll.com\/wp-content\/uploads\/2025\/10\/213.jpg\" alt=\"\" class=\"wp-image-7035\" srcset=\"https:\/\/vitrialumhll.com\/wp-content\/uploads\/2025\/10\/213.jpg 1000w, https:\/\/vitrialumhll.com\/wp-content\/uploads\/2025\/10\/213-300x200.jpg 300w, https:\/\/vitrialumhll.com\/wp-content\/uploads\/2025\/10\/213-600x400.jpg 600w\" sizes=\"(max-width: 1000px) 100vw, 1000px\" \/><\/figure>\n<\/div>\n\n\n\n<div class=\"wp-block-column is-vertically-aligned-center is-layout-flow wp-block-column-is-layout-flow\">\n<h2 class=\"wp-block-heading has-text-align-center\"><strong>Durabilidad y Honestidad<\/strong><\/h2>\n\n\n\n<p class=\"has-text-align-center\">Creemos en la inversi\u00f3n a largo plazo. Por eso, usamos los mejores materiales y somos transparentes en nuestros procesos y precios.<\/p>\n<\/div>\n\n\n\n<div class=\"wp-block-column is-layout-flow wp-block-column-is-layout-flow\">\n<figure class=\"wp-block-image size-full\"><img loading=\"lazy\" decoding=\"async\" width=\"1000\" height=\"668\" src=\"http:\/\/vitrialumhll.com\/wp-content\/uploads\/2025\/10\/2148970789.jpg\" alt=\"\" class=\"wp-image-7037\" srcset=\"https:\/\/vitrialumhll.com\/wp-content\/uploads\/2025\/10\/2148970789.jpg 1000w, https:\/\/vitrialumhll.com\/wp-content\/uploads\/2025\/10\/2148970789-300x200.jpg 300w, https:\/\/vitrialumhll.com\/wp-content\/uploads\/2025\/10\/2148970789-600x400.jpg 600w\" sizes=\"(max-width: 1000px) 100vw, 1000px\" \/><\/figure>\n<\/div>\n<\/div>\n\n\n\n<div class=\"wp-block-columns is-layout-flex wp-container-core-columns-is-layout-28f84493 wp-block-columns-is-layout-flex\">\n<div class=\"wp-block-column is-vertically-aligned-center is-layout-flow wp-block-column-is-layout-flow\">\n<h2 class=\"wp-block-heading has-text-align-center\"><strong>Calidad Artesanal<\/strong><\/h2>\n\n\n\n<p class=\"has-text-align-center\">Rechazamos lo industrial y masivo. Cada pieza lleva nuestro sello de dedicaci\u00f3n y atenci\u00f3n al detalle.<\/p>\n<\/div>\n\n\n\n<div class=\"wp-block-column is-layout-flow wp-block-column-is-layout-flow\">\n<figure class=\"wp-block-image size-full\"><img loading=\"lazy\" decoding=\"async\" width=\"1000\" height=\"668\" src=\"http:\/\/vitrialumhll.com\/wp-content\/uploads\/2025\/10\/50175.jpg\" alt=\"\" class=\"wp-image-7036\" srcset=\"https:\/\/vitrialumhll.com\/wp-content\/uploads\/2025\/10\/50175.jpg 1000w, https:\/\/vitrialumhll.com\/wp-content\/uploads\/2025\/10\/50175-300x200.jpg 300w, https:\/\/vitrialumhll.com\/wp-content\/uploads\/2025\/10\/50175-600x400.jpg 600w\" sizes=\"(max-width: 1000px) 100vw, 1000px\" \/><\/figure>\n<\/div>\n\n\n\n<div class=\"wp-block-column is-vertically-aligned-center is-layout-flow wp-block-column-is-layout-flow\">\n<h2 class=\"wp-block-heading has-text-align-center\"><strong>Amor por lo Bien Hecho<\/strong><\/h2>\n\n\n\n<p class=\"has-text-align-center\">Nos enorgullece nuestro trabajo. No es solo un estante, es la esencia de nuestro taller puesta al servicio de su negocio.<\/p>\n<\/div>\n<\/div>\n\n\n\n<div class=\"wp-block-group alignfull has-black-background-color has-background has-global-padding is-layout-constrained wp-block-group-is-layout-constrained\" style=\"padding-top:var(--wp--preset--spacing--medium);padding-bottom:var(--wp--preset--spacing--medium)\">\n<div class=\"wp-block-columns are-vertically-aligned-center is-layout-flex wp-container-core-columns-is-layout-28f84493 wp-block-columns-is-layout-flex\">\n<div class=\"wp-block-column is-layout-flow wp-block-column-is-layout-flow\">\n<h2 style=\"color:white; text-align:center;\">&#8220;Llevamos m\u00e1s de una d\u00e9cada construyendo confianza, un estante a la vez. Perm\u00edtanos conocer su proyecto y ser parte de su historia de \u00e9xito.&#8221;<\/h2>\n<\/div>\n<\/div>\n<\/div>\n\n\n\n<div style=\"height:100px\" aria-hidden=\"true\" class=\"wp-block-spacer\"><\/div>\n\n\n<div class='anc_6310_main_counter'><div class=\"anc-6310-row\">\r\n            <div class=\"anc-6310-col-3\">\r\n            <div class=\"anc-6310-counter-1\">\r\n                <div class=\"anc-6310-counter-1-top-container\" style=\"background-image: url('https:\/\/wpmart.org\/wp-content\/uploads\/anc\/work-completed.png');\">\r\n                    <div class=\"anc-6310-counter-1-top-inner-wrap\">\r\n                        <div class=\"anc-6310-counter-1-count-title\">Clientes satisfechos<\/div>\r\n                    <\/div>\r\n                <\/div>\r\n                <div class=\"anc-6310-counter-1-bottom-container\">\r\n                    <div class=\"anc-6310-counter-1-count-content\">\r\n                        <div class=\"anc-6310-counter-1-count-content-inner\">\r\n                            <div \r\n                                class=\"anc-6310-counter-1-count-number anc-6310-counter-number\" \r\n                                id=\"anc-6310-1-3\" data-anc-6310-start=\"0\" \r\n                                data-anc-6310-end=\"6582\" data-anc-6310-decimal=\"0\" \r\n                                data-anc-6310-duration=\".5\" \r\n                                data-anc-6310-thousands-separator=\",\">\r\n                                0\r\n                            <\/div>\r\n                        <\/div>\r\n                    <\/div>\r\n\r\n                    <div class=\"anc-6310-counter-1-count-subtitle\">Con nuestro excelente trabajo hemos satisfecho las necesidades de todos nuestro clientes<\/div>\r\n                <\/div>\r\n            <\/div>\r\n        <\/div>\r\n            <div class=\"anc-6310-col-3\">\r\n            <div class=\"anc-6310-counter-1\">\r\n                <div class=\"anc-6310-counter-1-top-container\" style=\"background-image: url('https:\/\/wpmart.org\/wp-content\/uploads\/anc\/work-completed.png');\">\r\n                    <div class=\"anc-6310-counter-1-top-inner-wrap\">\r\n                        <div class=\"anc-6310-counter-1-count-title\">Vitrinas fabricadas<\/div>\r\n                    <\/div>\r\n                <\/div>\r\n                <div class=\"anc-6310-counter-1-bottom-container\">\r\n                    <div class=\"anc-6310-counter-1-count-content\">\r\n                        <div class=\"anc-6310-counter-1-count-content-inner\">\r\n                            <div \r\n                                class=\"anc-6310-counter-1-count-number anc-6310-counter-number\" \r\n                                id=\"anc-6310-1-2\" data-anc-6310-start=\"0\" \r\n                                data-anc-6310-end=\"7025\" data-anc-6310-decimal=\"0\" \r\n                                data-anc-6310-duration=\".5\" \r\n                                data-anc-6310-thousands-separator=\",\">\r\n                                0\r\n                            <\/div>\r\n                        <\/div>\r\n                    <\/div>\r\n\r\n                    <div class=\"anc-6310-counter-1-count-subtitle\">La cantidad de vitrinas realizadas, demuestran la calidad y la gran experiencia que tenemos<\/div>\r\n                <\/div>\r\n            <\/div>\r\n        <\/div>\r\n            <div class=\"anc-6310-col-3\">\r\n            <div class=\"anc-6310-counter-1\">\r\n                <div class=\"anc-6310-counter-1-top-container\" style=\"background-image: url('https:\/\/wpmart.org\/wp-content\/uploads\/anc\/work-completed.png');\">\r\n                    <div class=\"anc-6310-counter-1-top-inner-wrap\">\r\n                        <div class=\"anc-6310-counter-1-count-title\">Porcentaje de satisfacci\u00f3n<\/div>\r\n                    <\/div>\r\n                <\/div>\r\n                <div class=\"anc-6310-counter-1-bottom-container\">\r\n                    <div class=\"anc-6310-counter-1-count-content\">\r\n                        <div class=\"anc-6310-counter-1-count-content-inner\">\r\n                            <div \r\n                                class=\"anc-6310-counter-1-count-number anc-6310-counter-number\" \r\n                                id=\"anc-6310-1-1\" data-anc-6310-start=\"0\" \r\n                                data-anc-6310-end=\"100 %\" data-anc-6310-decimal=\"0\" \r\n                                data-anc-6310-duration=\".5\" \r\n                                data-anc-6310-thousands-separator=\",\">\r\n                                0\r\n                            <\/div>\r\n                        <\/div>\r\n                    <\/div>\r\n\r\n                    <div class=\"anc-6310-counter-1-count-subtitle\">Con el porcentaje de satisfacci\u00f3n podemos asegurar que la mayor parte nuestro trabajo ha sido realizado exitosamente<\/div>\r\n                <\/div>\r\n            <\/div>\r\n        <\/div>\r\n    <\/div>\r\n\r\n<\/div>\n\n\n\n<div class=\"wp-block-cover alignfull\"><span aria-hidden=\"true\" class=\"wp-block-cover__background has-primary-background-color has-background-dim-100 has-background-dim\"><\/span><div class=\"wp-block-cover__inner-container has-global-padding is-layout-constrained wp-block-cover-is-layout-constrained\">\n<p class=\"has-text-align-center has-large-font-size\">Video de nuestros clientes satisfechos<\/p>\n\n\n\n<div class=\"wp-block-columns is-layout-flex wp-container-core-columns-is-layout-28f84493 wp-block-columns-is-layout-flex\">\n<div class=\"wp-block-column is-layout-flow wp-block-column-is-layout-flow\">\n<figure class=\"wp-block-video\"><video height=\"480\" style=\"aspect-ratio: 848 \/ 480;\" width=\"848\" controls src=\"https:\/\/vitrialumhll.com\/wp-content\/uploads\/2025\/12\/Video-de-WhatsApp-2025-12-06-a-las-23.58.10_e1376009.mp4\"><\/video><\/figure>\n<\/div>\n\n\n\n<div class=\"wp-block-column is-layout-flow wp-block-column-is-layout-flow\">\n<figure class=\"wp-block-video\"><video height=\"480\" style=\"aspect-ratio: 848 \/ 480;\" width=\"848\" controls src=\"https:\/\/vitrialumhll.com\/wp-content\/uploads\/2025\/12\/Video-de-WhatsApp-2025-12-06-a-las-23.58.14_ac3d3450.mp4\"><\/video><\/figure>\n<\/div>\n<\/div>\n<\/div><\/div>\n","protected":false},"excerpt":{"rendered":"<p>M\u00e1s de una D\u00e9cada de Confianza, Artesan\u00eda y Servicio en el Coraz\u00f3n de Colombia. Los Pilares que Nos Gu\u00edan Misi\u00f3n Fabricar soluciones de estanter\u00eda y exhibici\u00f3n&nbsp;100% artesanales&nbsp;y&nbsp;a la medida, superando las expectativas de funcionalidad y dise\u00f1o de nuestros clientes. Nos comprometemos a ofrecer un servicio personalizado que haga de cada proyecto una experiencia satisfactoria y &hellip; <\/p>\n<p class=\"link-more\"><a href=\"https:\/\/vitrialumhll.com\/index.php\/about\/\" class=\"more-link\">Leer m\u00e1s<span class=\"screen-reader-text\"> \u00abConocenos\u00bb<\/span><\/a><\/p>\n","protected":false},"author":1,"featured_media":0,"parent":0,"menu_order":0,"comment_status":"closed","ping_status":"closed","template":"page-templates\/full-width-no-title.php","meta":{"footnotes":""},"class_list":["post-5592","page","type-page","status-publish","hentry"],"featured_media_urls":[],"_links":{"self":[{"href":"https:\/\/vitrialumhll.com\/index.php\/wp-json\/wp\/v2\/pages\/5592","targetHints":{"allow":["GET"]}}],"collection":[{"href":"https:\/\/vitrialumhll.com\/index.php\/wp-json\/wp\/v2\/pages"}],"about":[{"href":"https:\/\/vitrialumhll.com\/index.php\/wp-json\/wp\/v2\/types\/page"}],"author":[{"embeddable":true,"href":"https:\/\/vitrialumhll.com\/index.php\/wp-json\/wp\/v2\/users\/1"}],"replies":[{"embeddable":true,"href":"https:\/\/vitrialumhll.com\/index.php\/wp-json\/wp\/v2\/comments?post=5592"}],"version-history":[{"count":13,"href":"https:\/\/vitrialumhll.com\/index.php\/wp-json\/wp\/v2\/pages\/5592\/revisions"}],"predecessor-version":[{"id":7385,"href":"https:\/\/vitrialumhll.com\/index.php\/wp-json\/wp\/v2\/pages\/5592\/revisions\/7385"}],"wp:attachment":[{"href":"https:\/\/vitrialumhll.com\/index.php\/wp-json\/wp\/v2\/media?parent=5592"}],"curies":[{"name":"wp","href":"https:\/\/api.w.org\/{rel}","templated":true}]}}